{"id":4106,"date":"2020-05-25T15:04:06","date_gmt":"2020-05-25T13:04:06","guid":{"rendered":"https:\/\/www.ppc-ag.de\/?page_id=4106"},"modified":"2025-11-18T11:24:55","modified_gmt":"2025-11-18T10:24:55","slug":"vorstand","status":"publish","type":"page","link":"https:\/\/www.ppc-ag.de\/de\/unternehmen\/vorstand\/","title":{"rendered":"Vorstand"},"content":{"rendered":"<p><div class=\"fusion-fullwidth fullwidth-box fusion-builder-row-1 nonhundred-percent-fullwidth non-hundred-percent-height-scrolling\"  style='background-color: rgba(255,255,255,0);background-position: center center;background-repeat: no-repeat;padding-top:65px;padding-right:0px;padding-bottom:35px;padding-left:0px;'><div class=\"fusion-builder-row fusion-row \"><div  class=\"fusion-layout-column fusion_builder_column fusion_builder_column_1_1 fusion-builder-column-0 fusion-one-full fusion-column-first fusion-column-last 1_1\"  style='margin-top:0px;margin-bottom:20px;'><div class=\"fusion-column-wrapper\" style=\"padding: 0px 0px 0px 0px;background-position:left top;background-repeat:no-repeat;-webkit-background-size:cover;-moz-background-size:cover;-o-background-size:cover;background-size:cover;\"   data-bg-url=\"\"><style type=\"text\/css\"><\/style><div class=\"fusion-title title fusion-title-1 fusion-sep-none fusion-title-text fusion-title-size-three\" style=\"margin-top:0px;margin-bottom:30px;\"><h3 class=\"title-heading-left\" style=\"margin:0;color:#2d4966;\">Vorstand<\/h3><\/div><div class=\"fusion-text\"><p>Ingo Sch\u00f6nberg und Eugen Mayer f\u00fchren die Power Plus Communications AG seit ihrer Gr\u00fcndung im Jahre 2001. Zum 01. Januar 2023 r\u00fcckt Janosch Wagner in den PPC Vorstand auf.<\/p>\n<\/div><style type='text\/css'>.reading-box-container-1 .element-bottomshadow:before,.reading-box-container-1 .element-bottomshadow:after{opacity:0.70;}<\/style><div class=\"fusion-reading-box-container reading-box-container-1\" style=\"margin-top:30px;margin-bottom:30px;\"><div class=\"reading-box\" style=\"background-color:#fafafa;border-width:1px;border-color:#ffffff;border-left-width:3px;border-left-color:var(--primary_color);border-style:solid;\"><div class=\"reading-box-description\">\u201cDer digitale Wandel und die intelligente Vernetzung ben\u00f6tigen Datensicherheit und verl\u00e4ssliche Standards.\u201d<\/div><div class=\"fusion-clearfix\"><\/div><\/div><\/div><div class=\"fusion-clearfix\"><\/div><\/div><\/div><div  class=\"fusion-layout-column fusion_builder_column fusion_builder_column_1_3 fusion-builder-column-1 fusion-one-third fusion-column-first 1_3\"  style='margin-top:0px;margin-bottom:20px;width:33.33%;width:calc(33.33% - ( ( 4% + 4% ) * 0.3333 ) );margin-right: 4%;'><div class=\"fusion-column-wrapper\" style=\"padding: 0px 0px 0px 0px;background-position:left top;background-repeat:no-repeat;-webkit-background-size:cover;-moz-background-size:cover;-o-background-size:cover;background-size:cover;\"   data-bg-url=\"\"><div class=\"fusion-person person fusion-person-left fusion-person-1 fusion-person-icon-top\"><div class=\"person-shortcode-image-wrapper\"><div class=\"person-image-container hover-type-zoomin\" style=\"border:0px solid #f6f6f6;-webkit-border-radius:0px;-moz-border-radius:0px;border-radius:0px;\"><img loading=\"lazy\" class=\"person-img img-responsive wp-image-11992\" width=\"300\" height=\"300\" src=\"https:\/\/www.ppc-ag.de\/wp-content\/uploads\/2023\/03\/PPC\u00a9Ingo_Schoenberg_Vorstandsvorsitzender_Founder_and_CEO_001-1-300x300.jpg\" alt=\"Ingo Sch\u00f6nberg\" srcset=\"https:\/\/www.ppc-ag.de\/wp-content\/uploads\/2023\/03\/PPC\u00a9Ingo_Schoenberg_Vorstandsvorsitzender_Founder_and_CEO_001-1-200x200.jpg 200w, https:\/\/www.ppc-ag.de\/wp-content\/uploads\/2023\/03\/PPC\u00a9Ingo_Schoenberg_Vorstandsvorsitzender_Founder_and_CEO_001-1-400x400.jpg 400w, https:\/\/www.ppc-ag.de\/wp-content\/uploads\/2023\/03\/PPC\u00a9Ingo_Schoenberg_Vorstandsvorsitzender_Founder_and_CEO_001-1-600x600.jpg 600w, https:\/\/www.ppc-ag.de\/wp-content\/uploads\/2023\/03\/PPC\u00a9Ingo_Schoenberg_Vorstandsvorsitzender_Founder_and_CEO_001-1-800x800.jpg 800w, https:\/\/www.ppc-ag.de\/wp-content\/uploads\/2023\/03\/PPC\u00a9Ingo_Schoenberg_Vorstandsvorsitzender_Founder_and_CEO_001-1-1200x1200.jpg 1200w\" sizes=\"(max-width: 800px) 100vw, 400px\" \/><\/div><\/div><div class=\"person-desc\"><div class=\"person-author\"><div class=\"person-author-wrapper\"><span class=\"person-name\">Ingo Sch\u00f6nberg<\/span><span class=\"person-title\">Vorstandsvorsitzender<\/span><\/div><\/div><div class=\"person-content fusion-clearfix\">Ingo Sch\u00f6nberg (CEO) ist Gr\u00fcnder, Gesellschafter und seit 2001 Vorstandsvorsitzender der PPC.<\/p>\n<p>Ingo Sch\u00f6nberg studierte an der Universit\u00e4t Dortmund und erhielt dort sein Ingenieurs-Diplom. Zus\u00e4tzlich studierte er Betriebswirtschaft in Hagen.<\/p>\n<p>Als Gr\u00fcndungsmitglied des Fraunhofer Instituts FhG UMSICHT in Oberhausen war er 1990 bis 1996 Leiter der Abteilung KWK\/Energiedienstleistungen und bereits sehr fr\u00fch in Energiewende-Themen, Erneuerbare Energien, K\u00e4lte-\/W\u00e4rmeversorgung und Kraft-W\u00e4rme-Kopplung aktiv.<\/p>\n<p>Es folgten ab 1996 verschiedene F\u00fchrungspositionen bei der MVV Energie in Mannheim im Bereich Gesch\u00e4ftsentwicklung und Neue Technologien sowie beim Aufbau des Gesch\u00e4ftsfeldes Energiedienstleistungen. Der Einstieg in die Telekommunikations-Branche folgte 2000 mit der Gesch\u00e4ftsf\u00fchrung bei der MVV-Tochter Manet, einem regionalen Telekommunikations-Dienstleister und City Carrier.<\/div><\/div><\/div><style type=\"text\/css\">.fusion-accordian  #accordion-4106-1 .panel-title a .fa-fusion-box{ color: #ffffff;}.fusion-accordian  #accordion-4106-1 .panel-title a .fa-fusion-box:before{ font-size: 13px; width: 13px;}.fusion-accordian  #accordion-4106-1 .panel-title a{font-size:15px;}.fusion-accordian  #accordion-4106-1 .fa-fusion-box { background-color: #333333;border-color: #333333;}.fusion-accordian  #accordion-4106-1 .panel-title a:hover, #accordion-4106-1 .fusion-toggle-boxed-mode:hover .panel-title a { color: #a0ce4e;}.fusion-accordian  #accordion-4106-1 .panel-title .active .fa-fusion-box,.fusion-accordian  #accordion-4106-1 .panel-title a:hover .fa-fusion-box { background-color: #a0ce4e!important;border-color: #a0ce4e!important;}<\/style><div class=\"accordian fusion-accordian\"><div class=\"panel-group\" id=\"accordion-4106-1\" role=\"tablist\"><div class=\"fusion-panel panel-default\" role=\"tabpanel\"><div class=\"panel-heading\"><h4 class=\"panel-title toggle\"><a aria-expanded=\"false\" aria-selected=\"false\" aria-controls=\"5a1be7a9690055293\" role=\"tab\" data-toggle=\"collapse\" data-parent=\"#accordion-4106-1\" data-target=\"#5a1be7a9690055293\" href=\"#5a1be7a9690055293\"><span class=\"fusion-toggle-icon-wrapper\" aria-hidden=\"true\"><i class=\"fa-fusion-box\"><\/i><\/span><span class=\"fusion-toggle-heading\">Verbandsarbeit<\/span><\/a><\/h4><\/div><div id=\"5a1be7a9690055293\" class=\"panel-collapse collapse \"><div class=\"panel-body toggle-content fusion-clearfix\">\n<p>Ingo Sch\u00f6nberg ist u.a. Mitglied in folgenden Institutionen:<\/p>\n<ul>\n<li>Mitglied des Gesamtvorstandes ZVEI<\/li>\n<li>Mitglied des Vorstands im ZVEI Fachbereich Energietechnik<\/li>\n<li>Mitglied im ZVEI Lenkungskreis Smart Home &amp; Building<\/li>\n<li>Mitglied in mehreren ZVEI FA zur Netzdigitalisierung und Energiewende<\/li>\n<li>Stellvertretender Vorstandsvorsitzender im VDE FNN<\/li>\n<li>Mitglied im FNN\/VDE Lenkungskreis \u201cMetering und Digitalisierung\u201c<\/li>\n<li>Mitglied im BMWK Beirat zum \u201cBarometer Digitalisierung Energiewende\u201d<\/li>\n<li>Mitglied im BMWK Gateway-Ausschuss<\/li>\n<\/ul>\n<\/div><\/div><\/div><\/div><\/div><div class=\"fusion-clearfix\"><\/div><\/div><\/div><div  class=\"fusion-layout-column fusion_builder_column fusion_builder_column_1_3 fusion-builder-column-2 fusion-one-third 1_3\"  style='margin-top:0px;margin-bottom:20px;width:33.33%;width:calc(33.33% - ( ( 4% + 4% ) * 0.3333 ) );margin-right: 4%;'><div class=\"fusion-column-wrapper\" style=\"padding: 0px 0px 0px 0px;background-position:left top;background-repeat:no-repeat;-webkit-background-size:cover;-moz-background-size:cover;-o-background-size:cover;background-size:cover;\"   data-bg-url=\"\"><div class=\"fusion-person person fusion-person-left fusion-person-2 fusion-person-icon-top\"><div class=\"person-shortcode-image-wrapper\"><div class=\"person-image-container hover-type-zoomin\" style=\"border:0px solid #f6f6f6;-webkit-border-radius:0px;-moz-border-radius:0px;border-radius:0px;\"><img loading=\"lazy\" class=\"person-img img-responsive wp-image-11991\" width=\"300\" height=\"300\" src=\"https:\/\/www.ppc-ag.de\/wp-content\/uploads\/2023\/03\/PPC\u00a9Eugen_Mayer_Vorstand_-Vice-President-Project-Management-and-Operations_004-2-300x300.jpg\" alt=\"Eugen Mayer\" srcset=\"https:\/\/www.ppc-ag.de\/wp-content\/uploads\/2023\/03\/PPC\u00a9Eugen_Mayer_Vorstand_-Vice-President-Project-Management-and-Operations_004-2-200x200.jpg 200w, https:\/\/www.ppc-ag.de\/wp-content\/uploads\/2023\/03\/PPC\u00a9Eugen_Mayer_Vorstand_-Vice-President-Project-Management-and-Operations_004-2-400x400.jpg 400w, https:\/\/www.ppc-ag.de\/wp-content\/uploads\/2023\/03\/PPC\u00a9Eugen_Mayer_Vorstand_-Vice-President-Project-Management-and-Operations_004-2-600x600.jpg 600w, https:\/\/www.ppc-ag.de\/wp-content\/uploads\/2023\/03\/PPC\u00a9Eugen_Mayer_Vorstand_-Vice-President-Project-Management-and-Operations_004-2-800x800.jpg 800w, https:\/\/www.ppc-ag.de\/wp-content\/uploads\/2023\/03\/PPC\u00a9Eugen_Mayer_Vorstand_-Vice-President-Project-Management-and-Operations_004-2-1200x1200.jpg 1200w\" sizes=\"(max-width: 800px) 100vw, 400px\" \/><\/div><\/div><div class=\"person-desc\"><div class=\"person-author\"><div class=\"person-author-wrapper\"><span class=\"person-name\">Eugen Mayer<\/span><span class=\"person-title\">Vorstand<\/span><\/div><\/div><div class=\"person-content fusion-clearfix\">Eugen Mayer (COO) ist Gr\u00fcnder, Gesellschafter und seit 2005 Vorstand der PPC. Davor leitete er schon von 2001 bis 2005 als \u201eVice President Project Management and Operations\u201c das Tagesgesch\u00e4ft des Unternehmens.<\/p>\n<p>Eugen Mayer studierte an der FH Konstanz Elektro- und Automatisierungstechnik und schloss seine Studien mit dem Grad als Dipl.-Ing. (FH) ab. An der Coventry University (UK) graduierte Herr Mayer mit einem Bachelor of Science (Honours).<\/p>\n<p>Nach Stationen bei der Marquard GmbH und der MVV Energie AG gr\u00fcndete Herr Mayer zusammen mit Ingo Sch\u00f6nberg die PPC als Tochter der MVV Energie AG. Nach einigen Jahren als angestellter Manager \u00fcbernahmen die Herren Sch\u00f6nberg und Mayer die PPC im Jahre 2008 im Rahmen eines Management Buyouts.<\/p>\n<p>Eugen Mayer h\u00e4lt mehrere Patente in den Bereichen Breitband-Powerline und Smart Grid L\u00f6sungen und ist unter anderem Obmann der FNN-Projektgruppe \u201eNutzung des Verteilnetzes zur Daten\u00fcbertragung\u201c.<\/div><\/div><\/div><div class=\"fusion-clearfix\"><\/div><\/div><\/div><div  class=\"fusion-layout-column fusion_builder_column fusion_builder_column_1_3 fusion-builder-column-3 fusion-one-third fusion-column-last 1_3\"  style='margin-top:0px;margin-bottom:20px;width:33.33%;width:calc(33.33% - ( ( 4% + 4% ) * 0.3333 ) );'><div class=\"fusion-column-wrapper\" style=\"padding: 0px 0px 0px 0px;background-position:left top;background-repeat:no-repeat;-webkit-background-size:cover;-moz-background-size:cover;-o-background-size:cover;background-size:cover;\"   data-bg-url=\"\"><div class=\"fusion-person person fusion-person-left fusion-person-3 fusion-person-icon-top\"><div class=\"person-shortcode-image-wrapper\"><div class=\"person-image-container hover-type-zoomin\" style=\"border:0px solid #f6f6f6;-webkit-border-radius:0px;-moz-border-radius:0px;border-radius:0px;\"><img loading=\"lazy\" class=\"person-img img-responsive wp-image-11990\" width=\"300\" height=\"300\" src=\"https:\/\/www.ppc-ag.de\/wp-content\/uploads\/2023\/03\/PPC\u00a9-Janosch_Wagner_Chief_Technology_Officer_003-2-300x300.jpg\" alt=\"Janosch Wagner\" srcset=\"https:\/\/www.ppc-ag.de\/wp-content\/uploads\/2023\/03\/PPC\u00a9-Janosch_Wagner_Chief_Technology_Officer_003-2-200x200.jpg 200w, https:\/\/www.ppc-ag.de\/wp-content\/uploads\/2023\/03\/PPC\u00a9-Janosch_Wagner_Chief_Technology_Officer_003-2-400x400.jpg 400w, https:\/\/www.ppc-ag.de\/wp-content\/uploads\/2023\/03\/PPC\u00a9-Janosch_Wagner_Chief_Technology_Officer_003-2-600x600.jpg 600w, https:\/\/www.ppc-ag.de\/wp-content\/uploads\/2023\/03\/PPC\u00a9-Janosch_Wagner_Chief_Technology_Officer_003-2-800x800.jpg 800w, https:\/\/www.ppc-ag.de\/wp-content\/uploads\/2023\/03\/PPC\u00a9-Janosch_Wagner_Chief_Technology_Officer_003-2-1200x1200.jpg 1200w\" sizes=\"(max-width: 800px) 100vw, 400px\" \/><\/div><\/div><div class=\"person-desc\"><div class=\"person-author\"><div class=\"person-author-wrapper\"><span class=\"person-name\">Janosch Wagner<\/span><span class=\"person-title\">Vorstand<\/span><\/div><\/div><div class=\"person-content fusion-clearfix\">Janosch Wagner (CTO) ist seit 2023 im Vorstand der PPC und ist zust\u00e4ndig f\u00fcr die Bereiche Technik und Entwicklung.<\/p>\n<p>2009 stieg er als Mitarbeiter bei der Power Plus Communications AG (PPC) in Mannheim ein. Seitdem war er in verschiedenen Positionen t\u00e4tig, unter anderem als Leiter des Metering Bereichs. In dieser Funktion war er f\u00fcr den Aufbau des Smart Meter Gateway Portfolios des Unternehmens verantwortlich.<\/p>\n<p>Bevor er zu PPC wechselte, studierte und arbeitete Janosch Wagner bei der Alcatel-Lucent Deutschland AG. Dort hatte er bereits Ankn\u00fcpfungspunkte zu den Themenfeldern Smart Metering und Smart Grid.<\/p>\n<p>Er absolvierte sein Studium der Informationstechnik, Netz- und Softwaretechnik an der Dualen Hochschule in Stuttgart und schloss zus\u00e4tzlich ein MBA Studium (Master of Business Administration) ab.<\/p>\n<p>Als Miterfinder mehrerer Patente im Bereich Smart Metering ist er zudem Mitglied in den entsprechenden Standardisierungsgremien DKE und FNN t\u00e4tig. <\/div><\/div><\/div><style type=\"text\/css\">.fusion-accordian  #accordion-4106-2 .panel-title a .fa-fusion-box{ color: #ffffff;}.fusion-accordian  #accordion-4106-2 .panel-title a .fa-fusion-box:before{ font-size: 13px; width: 13px;}.fusion-accordian  #accordion-4106-2 .panel-title a{font-size:15px;}.fusion-accordian  #accordion-4106-2 .fa-fusion-box { background-color: #333333;border-color: #333333;}.fusion-accordian  #accordion-4106-2 .panel-title a:hover, #accordion-4106-2 .fusion-toggle-boxed-mode:hover .panel-title a { color: #a0ce4e;}.fusion-accordian  #accordion-4106-2 .panel-title .active .fa-fusion-box,.fusion-accordian  #accordion-4106-2 .panel-title a:hover .fa-fusion-box { background-color: #a0ce4e!important;border-color: #a0ce4e!important;}<\/style><div class=\"accordian fusion-accordian\"><div class=\"panel-group\" id=\"accordion-4106-2\" role=\"tablist\"><div class=\"fusion-panel panel-default\" role=\"tabpanel\"><div class=\"panel-heading\"><h4 class=\"panel-title toggle\"><a aria-expanded=\"false\" aria-selected=\"false\" aria-controls=\"9cbc1182c217a7346\" role=\"tab\" data-toggle=\"collapse\" data-parent=\"#accordion-4106-2\" data-target=\"#9cbc1182c217a7346\" href=\"#9cbc1182c217a7346\"><span class=\"fusion-toggle-icon-wrapper\" aria-hidden=\"true\"><i class=\"fa-fusion-box\"><\/i><\/span><span class=\"fusion-toggle-heading\">Verbandsarbeit<\/span><\/a><\/h4><\/div><div id=\"9cbc1182c217a7346\" class=\"panel-collapse collapse \"><div class=\"panel-body toggle-content fusion-clearfix\">\n<p>Janosch Wagner ist u.a. Mitglied in folgenden Institutionen:<\/p>\n<ul>\n<li>Vorsitzender des DKE Arbeitskreises 461.0.142<\/li>\n<li>Vorsitzender des DKE Arbeitskreises 461.0.14<\/li>\n<li>Vorsitzender der VDE FNN Expertenteams Gateway Funktionen<\/li>\n<li>Projektleiter des Arbeitskreises Bundesdisplay<\/li>\n<li>Stv. Vorsitzender des Lenkungskreises \u201eMetering und Digitalisierung\u201c im VDE FNN<\/li>\n<\/ul>\n<\/div><\/div><\/div><\/div><\/div><div class=\"fusion-clearfix\"><\/div><\/div><\/div><\/div><\/div><style type=\"text\/css\">.fusion-fullwidth.fusion-builder-row-1 a:not(.fusion-button):not(.fusion-builder-module-control):not(.fusion-social-network-icon):not(.fb-icon-element):not(.fusion-countdown-link):not(.fusion-rollover-link):not(.fusion-rollover-gallery):not(.fusion-button-bar):not(.add_to_cart_button):not(.show_details_button):not(.product_type_external):not(.fusion-quick-view):not(.fusion-rollover-title-link):not(.fusion-breadcrumb-link) , .fusion-fullwidth.fusion-builder-row-1 a:not(.fusion-button):not(.fusion-builder-module-control):not(.fusion-social-network-icon):not(.fb-icon-element):not(.fusion-countdown-link):not(.fusion-rollover-link):not(.fusion-rollover-gallery):not(.fusion-button-bar):not(.add_to_cart_button):not(.show_details_button):not(.product_type_external):not(.fusion-quick-view):not(.fusion-rollover-title-link):not(.fusion-breadcrumb-link):before, .fusion-fullwidth.fusion-builder-row-1 a:not(.fusion-button):not(.fusion-builder-module-control):not(.fusion-social-network-icon):not(.fb-icon-element):not(.fusion-countdown-link):not(.fusion-rollover-link):not(.fusion-rollover-gallery):not(.fusion-button-bar):not(.add_to_cart_button):not(.show_details_button):not(.product_type_external):not(.fusion-quick-view):not(.fusion-rollover-title-link):not(.fusion-breadcrumb-link):after {color: #0097d8;}.fusion-fullwidth.fusion-builder-row-1 a:not(.fusion-button):not(.fusion-builder-module-control):not(.fusion-social-network-icon):not(.fb-icon-element):not(.fusion-countdown-link):not(.fusion-rollover-link):not(.fusion-rollover-gallery):not(.fusion-button-bar):not(.add_to_cart_button):not(.show_details_button):not(.product_type_external):not(.fusion-quick-view):not(.fusion-rollover-title-link):not(.fusion-breadcrumb-link):hover, .fusion-fullwidth.fusion-builder-row-1 a:not(.fusion-button):not(.fusion-builder-module-control):not(.fusion-social-network-icon):not(.fb-icon-element):not(.fusion-countdown-link):not(.fusion-rollover-link):not(.fusion-rollover-gallery):not(.fusion-button-bar):not(.add_to_cart_button):not(.show_details_button):not(.product_type_external):not(.fusion-quick-view):not(.fusion-rollover-title-link):not(.fusion-breadcrumb-link):hover:before, .fusion-fullwidth.fusion-builder-row-1 a:not(.fusion-button):not(.fusion-builder-module-control):not(.fusion-social-network-icon):not(.fb-icon-element):not(.fusion-countdown-link):not(.fusion-rollover-link):not(.fusion-rollover-gallery):not(.fusion-button-bar):not(.add_to_cart_button):not(.show_details_button):not(.product_type_external):not(.fusion-quick-view):not(.fusion-rollover-title-link):not(.fusion-breadcrumb-link):hover:after {color: #0097d8;}.fusion-fullwidth.fusion-builder-row-1 .pagination a.inactive:hover, .fusion-fullwidth.fusion-builder-row-1 .fusion-filters .fusion-filter.fusion-active a {border-color: #0097d8;}.fusion-fullwidth.fusion-builder-row-1 .pagination .current {border-color: #0097d8; background-color: #0097d8;}.fusion-fullwidth.fusion-builder-row-1 .fusion-filters .fusion-filter.fusion-active a, .fusion-fullwidth.fusion-builder-row-1 .fusion-date-and-formats .fusion-format-box, .fusion-fullwidth.fusion-builder-row-1 .fusion-popover, .fusion-fullwidth.fusion-builder-row-1 .tooltip-shortcode {color: #0097d8;}#main .fusion-fullwidth.fusion-builder-row-1 .post .blog-shortcode-post-title a:hover {color: #0097d8;}<\/style><div class=\"fusion-fullwidth fullwidth-box fusion-builder-row-2 nonhundred-percent-fullwidth non-hundred-percent-height-scrolling\"  style='background-color: rgba(255,255,255,0);background-position: center center;background-repeat: no-repeat;padding-top:0px;padding-right:0px;padding-bottom:0px;padding-left:0px;margin-bottom: 50px;'><div class=\"fusion-builder-row fusion-row \"><div  class=\"fusion-layout-column fusion_builder_column fusion_builder_column_1_1 fusion-builder-column-4 fusion-one-full fusion-column-first fusion-column-last 1_1\"  style='margin-top:0px;margin-bottom:20px;'><div class=\"fusion-column-wrapper\" style=\"padding: 0px 0px 0px 0px;background-position:left top;background-repeat:no-repeat;-webkit-background-size:cover;-moz-background-size:cover;-o-background-size:cover;background-size:cover;\"   data-bg-url=\"\"><div class=\"imageframe-align-center\"><span class=\"fusion-imageframe imageframe-none imageframe-1 hover-type-zoomin\"><img loading=\"lazy\" src=\"https:\/\/www.ppc-ag.de\/wp-content\/uploads\/2023\/03\/PPC\u00a9Vorstand_LnR_Wagner_Schoenberg_Mayer_mit_SMGWs_002-scaled.jpg\" width=\"2560\" height=\"1120\" alt=\"\" title=\"FOTOGRAF-MANNHEIM360\" class=\"img-responsive wp-image-11985\" srcset=\"https:\/\/www.ppc-ag.de\/wp-content\/uploads\/2023\/03\/PPC\u00a9Vorstand_LnR_Wagner_Schoenberg_Mayer_mit_SMGWs_002-200x88.jpg 200w, https:\/\/www.ppc-ag.de\/wp-content\/uploads\/2023\/03\/PPC\u00a9Vorstand_LnR_Wagner_Schoenberg_Mayer_mit_SMGWs_002-400x175.jpg 400w, https:\/\/www.ppc-ag.de\/wp-content\/uploads\/2023\/03\/PPC\u00a9Vorstand_LnR_Wagner_Schoenberg_Mayer_mit_SMGWs_002-600x263.jpg 600w, https:\/\/www.ppc-ag.de\/wp-content\/uploads\/2023\/03\/PPC\u00a9Vorstand_LnR_Wagner_Schoenberg_Mayer_mit_SMGWs_002-800x350.jpg 800w, https:\/\/www.ppc-ag.de\/wp-content\/uploads\/2023\/03\/PPC\u00a9Vorstand_LnR_Wagner_Schoenberg_Mayer_mit_SMGWs_002-1200x525.jpg 1200w, https:\/\/www.ppc-ag.de\/wp-content\/uploads\/2023\/03\/PPC\u00a9Vorstand_LnR_Wagner_Schoenberg_Mayer_mit_SMGWs_002-scaled.jpg 2560w\" sizes=\"(max-width: 800px) 100vw, 1200px\" \/><\/span><\/div><div class=\"fusion-clearfix\"><\/div><\/div><\/div><\/div><\/div><style type=\"text\/css\">.fusion-fullwidth.fusion-builder-row-2 a:not(.fusion-button):not(.fusion-builder-module-control):not(.fusion-social-network-icon):not(.fb-icon-element):not(.fusion-countdown-link):not(.fusion-rollover-link):not(.fusion-rollover-gallery):not(.fusion-button-bar):not(.add_to_cart_button):not(.show_details_button):not(.product_type_external):not(.fusion-quick-view):not(.fusion-rollover-title-link):not(.fusion-breadcrumb-link) , .fusion-fullwidth.fusion-builder-row-2 a:not(.fusion-button):not(.fusion-builder-module-control):not(.fusion-social-network-icon):not(.fb-icon-element):not(.fusion-countdown-link):not(.fusion-rollover-link):not(.fusion-rollover-gallery):not(.fusion-button-bar):not(.add_to_cart_button):not(.show_details_button):not(.product_type_external):not(.fusion-quick-view):not(.fusion-rollover-title-link):not(.fusion-breadcrumb-link):before, .fusion-fullwidth.fusion-builder-row-2 a:not(.fusion-button):not(.fusion-builder-module-control):not(.fusion-social-network-icon):not(.fb-icon-element):not(.fusion-countdown-link):not(.fusion-rollover-link):not(.fusion-rollover-gallery):not(.fusion-button-bar):not(.add_to_cart_button):not(.show_details_button):not(.product_type_external):not(.fusion-quick-view):not(.fusion-rollover-title-link):not(.fusion-breadcrumb-link):after {color: #0097d8;}.fusion-fullwidth.fusion-builder-row-2 a:not(.fusion-button):not(.fusion-builder-module-control):not(.fusion-social-network-icon):not(.fb-icon-element):not(.fusion-countdown-link):not(.fusion-rollover-link):not(.fusion-rollover-gallery):not(.fusion-button-bar):not(.add_to_cart_button):not(.show_details_button):not(.product_type_external):not(.fusion-quick-view):not(.fusion-rollover-title-link):not(.fusion-breadcrumb-link):hover, .fusion-fullwidth.fusion-builder-row-2 a:not(.fusion-button):not(.fusion-builder-module-control):not(.fusion-social-network-icon):not(.fb-icon-element):not(.fusion-countdown-link):not(.fusion-rollover-link):not(.fusion-rollover-gallery):not(.fusion-button-bar):not(.add_to_cart_button):not(.show_details_button):not(.product_type_external):not(.fusion-quick-view):not(.fusion-rollover-title-link):not(.fusion-breadcrumb-link):hover:before, .fusion-fullwidth.fusion-builder-row-2 a:not(.fusion-button):not(.fusion-builder-module-control):not(.fusion-social-network-icon):not(.fb-icon-element):not(.fusion-countdown-link):not(.fusion-rollover-link):not(.fusion-rollover-gallery):not(.fusion-button-bar):not(.add_to_cart_button):not(.show_details_button):not(.product_type_external):not(.fusion-quick-view):not(.fusion-rollover-title-link):not(.fusion-breadcrumb-link):hover:after {color: #0097d8;}.fusion-fullwidth.fusion-builder-row-2 .pagination a.inactive:hover, .fusion-fullwidth.fusion-builder-row-2 .fusion-filters .fusion-filter.fusion-active a {border-color: #0097d8;}.fusion-fullwidth.fusion-builder-row-2 .pagination .current {border-color: #0097d8; background-color: #0097d8;}.fusion-fullwidth.fusion-builder-row-2 .fusion-filters .fusion-filter.fusion-active a, .fusion-fullwidth.fusion-builder-row-2 .fusion-date-and-formats .fusion-format-box, .fusion-fullwidth.fusion-builder-row-2 .fusion-popover, .fusion-fullwidth.fusion-builder-row-2 .tooltip-shortcode {color: #0097d8;}#main .fusion-fullwidth.fusion-builder-row-2 .post .blog-shortcode-post-title a:hover {color: #0097d8;}<\/style><\/p>","protected":false},"excerpt":{"rendered":"","protected":false},"author":1,"featured_media":0,"parent":3982,"menu_order":0,"comment_status":"closed","ping_status":"closed","template":"100-width.php","meta":{"_lmt_disableupdate":"no","_lmt_disable":"","_links_to":"","_links_to_target":""},"aioseo_notices":[],"_links":{"self":[{"href":"https:\/\/www.ppc-ag.de\/de\/wp-json\/wp\/v2\/pages\/4106"}],"collection":[{"href":"https:\/\/www.ppc-ag.de\/de\/wp-json\/wp\/v2\/pages"}],"about":[{"href":"https:\/\/www.ppc-ag.de\/de\/wp-json\/wp\/v2\/types\/page"}],"author":[{"embeddable":true,"href":"https:\/\/www.ppc-ag.de\/de\/wp-json\/wp\/v2\/users\/1"}],"replies":[{"embeddable":true,"href":"https:\/\/www.ppc-ag.de\/de\/wp-json\/wp\/v2\/comments?post=4106"}],"version-history":[{"count":37,"href":"https:\/\/www.ppc-ag.de\/de\/wp-json\/wp\/v2\/pages\/4106\/revisions"}],"predecessor-version":[{"id":19124,"href":"https:\/\/www.ppc-ag.de\/de\/wp-json\/wp\/v2\/pages\/4106\/revisions\/19124"}],"up":[{"embeddable":true,"href":"https:\/\/www.ppc-ag.de\/de\/wp-json\/wp\/v2\/pages\/3982"}],"wp:attachment":[{"href":"https:\/\/www.ppc-ag.de\/de\/wp-json\/wp\/v2\/media?parent=4106"}],"curies":[{"name":"wp","href":"https:\/\/api.w.org\/{rel}","templated":true}]}}